{"id":10,"date":"2017-02-13T18:26:17","date_gmt":"2017-02-13T17:26:17","guid":{"rendered":"http:\/\/morganpark.de\/landingpage\/?page_id=10"},"modified":"2023-02-14T11:40:36","modified_gmt":"2023-02-14T10:40:36","slug":"kontakt","status":"publish","type":"page","link":"https:\/\/lotus-hamburg.de\/shop\/kontakt\/","title":{"rendered":"Kontakt"},"content":{"rendered":"<p>[vc_row][vc_column][vc_gmaps link=&#8220;#E-8_JTNDaWZyYW1lJTIwc3JjJTNEJTIyaHR0cHMlM0ElMkYlMkZ3d3cuZ29vZ2xlLmNvbSUyRm1hcHMlMkZlbWJlZCUzRnBiJTNEJTIxMW0xOCUyMTFtMTIlMjExbTMlMjExZDI5OTEuODkyNzU2Mjg4ODA5MyUyMTJkMTAuMTg2MTQ4MTE2MTk0MTIyJTIxM2Q1My41Nzg0OTM0ODAwMjgzNjQlMjEybTMlMjExZjAlMjEyZjAlMjEzZjAlMjEzbTIlMjExaTEwMjQlMjEyaTc2OCUyMTRmMTMuMSUyMTNtMyUyMTFtMiUyMTFzMHg0N2IxOGI0ZDA5M2IyZGQ3JTI1M0EweGI5NzhiZDk3ZWE2Y2VkYjYlMjEyc0hhbnNrYW1wcmluZyUyNTIwMjMlMjUyQyUyNTIwMjI4ODUlMjUyMEJhcnNiJTI1QzMlMjVCQ3R0ZWwlMjE1ZTElMjEzbTIlMjExc2VuJTIxMnNkZSUyMTR2MTU3MDYxOTY5NDQ3MSUyMTVtMiUyMTFzZW4lMjEyc2RlJTIyJTIwd2lkdGglM0QlMjI2MDAlMjIlMjBoZWlnaHQlM0QlMjI0NTAlMjIlMjBmcmFtZWJvcmRlciUzRCUyMjAlMjIlMjBzdHlsZSUzRCUyMmJvcmRlciUzQTAlM0IlMjIlMjBhbGxvd2Z1bGxzY3JlZW4lM0QlMjIlMjIlM0UlM0MlMkZpZnJhbWUlM0U=&#8220; title=&#8220;Ihr Weg zu uns&#8220;][vc_separator color=&#8220;white&#8220; style=&#8220;dotted&#8220;][\/vc_column][\/vc_row][vc_row][\/vc_row][vc_row][vc_column width=&#8220;1\/2&#8243;]<div\n\tclass=\"address clearfix margin-right-25 padding-bottom-40 \">\n\t<div class=\"icon_address\">\n\t\t<p><i class=\"fa fa-map-marker\"><\/i><strong>Address:<\/strong><\/p>\n\t<\/div>\n\t<div class=\"contact_address\">\n\t\t<p class=\"margin-bottom-none\">Lutz R. Leberfinger e. K. Morgan Park<br>\t\t\tHanskampring 23, 22885 Barsb\u00fcttel<\/p>\n\t<\/div>\n<\/div>\n<div class=\"address clearfix address_details margin-right-25 padding-bottom-40\">\n\t<ul class=\"margin-bottom-none\">\n\t\t<li><i class=\"fa fa-phone\"><\/i><strong>Phone:<\/strong> <span><a href=\"tel:490406703020\"> +49 (0)40 6703020<\/a><\/span><\/li>\t\t\t\t<li><i class=\"fa fa-envelope-o\"><\/i><strong>Email:<\/strong> <a href=\"mailto:info@lotus-hamburg.de\">info@lotus-hamburg.de<\/a><\/li>\t\t<li class=\"padding-bottom-none\"><i class=\"fa fa-laptop\"><\/i><strong>Web:<\/strong> <a href=\"www.lotus-hamburg.de\/shop\">www.lotus-hamburg.de\/shop<\/a><\/li>\t<\/ul>\n<\/div>\n\n<div class=\"clearfix\"><\/div>[vc_wp_text]<\/p>\n<div class=\"wpb_text_column wpb_content_element \">\n<div class=\"wpb_wrapper\">\n<table class=\"table table-bordered no-border font-12px hours_table \">\n<thead>\n<tr>\n<td colspan=\"2\"><strong>Verkauf<\/strong><\/td>\n<\/tr>\n<\/thead>\n<tbody>\n<tr>\n<td width=\"100px\">Montag:<\/td>\n<td align=\"left\">08:00 bis 18:00 Uhr<\/td>\n<\/tr>\n<tr>\n<td>Dienstag:<\/td>\n<td align=\"left\">08:00 bis 18:00 Uhr<\/td>\n<\/tr>\n<tr>\n<td>Mittwoch:<\/td>\n<td align=\"left\">08:00 bis 18:00 Uhr<\/td>\n<\/tr>\n<tr>\n<td>Donnerstag:<\/td>\n<td align=\"left\">08:00 bis 18:00 Uhr<\/td>\n<\/tr>\n<tr>\n<td>Freitag:<\/td>\n<td align=\"left\">08:00 bis 18:00 Uhr<\/td>\n<\/tr>\n<tr>\n<td>Samstag:<\/td>\n<td align=\"left\">Nach Vereinbarung<\/td>\n<\/tr>\n<tr>\n<td>Sonntag:<\/td>\n<td align=\"left\">Geschlossen<\/td>\n<\/tr>\n<\/tbody>\n<\/table>\n<\/div>\n<\/div>\n<div class=\"wpb_text_column wpb_content_element \">\n<div class=\"wpb_wrapper\">\n<table class=\"table table-bordered no-border font-12px hours_table \">\n<thead>\n<tr>\n<td colspan=\"2\"><strong>Werkstatt<\/strong><\/td>\n<\/tr>\n<\/thead>\n<tbody>\n<tr>\n<td width=\"100px\">Montag:<\/td>\n<td>08:00 bis 17:00 Uhr<\/td>\n<\/tr>\n<tr>\n<td>Dienstag:<\/td>\n<td>08:00 bis 17:00 Uhr<\/td>\n<\/tr>\n<tr>\n<td>Mittwoch:<\/td>\n<td>08:00 bis 17:00 Uhr<\/td>\n<\/tr>\n<tr>\n<td>Donnerstag:<\/td>\n<td>08:00 bis 17:00 Uhr<\/td>\n<\/tr>\n<tr>\n<td>Freitag:<\/td>\n<td>08:00 bis 15:45 Uhr<\/td>\n<\/tr>\n<tr>\n<td>Samstag:<\/td>\n<td align=\"left\">Nach Vereinbarung<\/td>\n<\/tr>\n<tr>\n<td>Sonntag:<\/td>\n<td align=\"left\">Geschlossen<\/td>\n<\/tr>\n<\/tbody>\n<\/table>\n<\/div>\n<\/div>\n<p>[\/vc_wp_text][\/vc_column][vc_column width=&#8220;1\/2&#8243;][vc_column_text]<strong><i class=\"fa-bus fa \">\u00a0<\/i>\u00a0Mit \u00f6ffentlichen Verkehrsmitteln:<\/strong><\/p>\n<p>Ab Wandsbek Markt (Bereich C am Bahnhof) mit dem Bus 263 Richtung Willinghusen (Kehre) bzw. Gro\u00dflohe bis zur Haltestelle Fahrenberg und von dort ca. 5 Minuten zu Fu\u00df (400 m). F\u00fcr eine Fahrplanauskunft bitte auf das HVV Logo klicken:<\/p>\n<p><a href=\"https:\/\/www.hvv.de\/de\" target=\"_blank\" rel=\"noopener noreferrer\"><img decoding=\"async\" loading=\"lazy\" class=\"alignnone wp-image-4231\" src=\"http:\/\/www.morganpark.de\/wp-content\/uploads\/2017\/04\/LogoHVV.svg_-300x66.png\" alt=\"\" width=\"180\" height=\"40\" \/><\/a>[\/vc_column_text][\/vc_column][\/vc_row]<\/p>\n","protected":false},"excerpt":{"rendered":"<p>[vc_row][vc_column][vc_gmaps link=&#8220;#E-8_JTNDaWZyYW1lJTIwc3JjJTNEJTIyaHR0cHMlM0ElMkYlMkZ3d3cuZ29vZ2xlLmNvbSUyRm1hcHMlMkZlbWJlZCUzRnBiJTNEJTIxMW0xOCUyMTFtMTIlMjExbTMlMjExZDI5OTEuODkyNzU2Mjg4ODA5MyUyMTJkMTAuMTg2MTQ4MTE2MTk0MTIyJTIxM2Q1My41Nzg0OTM0ODAwMjgzNjQlMjEybTMlMjExZjAlMjEyZjAlMjEzZjAlMjEzbTIlMjExaTEwMjQlMjEyaTc2OCUyMTRmMTMuMSUyMTNtMyUyMTFtMiUyMTFzMHg0N2IxOGI0ZDA5M2IyZGQ3JTI1M0EweGI5NzhiZDk3ZWE2Y2VkYjYlMjEyc0hhbnNrYW1wcmluZyUyNTIwMjMlMjUyQyUyNTIwMjI4ODUlMjUyMEJhcnNiJTI1QzMlMjVCQ3R0ZWwlMjE1ZTElMjEzbTIlMjExc2VuJTIxMnNkZSUyMTR2MTU3MDYxOTY5NDQ3MSUyMTVtMiUyMTFzZW4lMjEyc2RlJTIyJTIwd2lkdGglM0QlMjI2MDAlMjIlMjBoZWlnaHQlM0QlMjI0NTAlMjIlMjBmcmFtZWJvcmRlciUzRCUyMjAlMjIlMjBzdHlsZSUzRCUyMmJvcmRlciUzQTAlM0IlMjIlMjBhbGxvd2Z1bGxzY3JlZW4lM0QlMjIlMjIlM0UlM0MlMkZpZnJhbWUlM0U=&#8220; title=&#8220;Ihr Weg zu uns&#8220;][vc_separator color=&#8220;white&#8220; style=&#8220;dotted&#8220;][\/vc_column][\/vc_row][vc_row][\/vc_row][vc_row][vc_column width=&#8220;1\/2&#8243;][vc_wp_text]<\/p>\n<p> <strong>Verkauf<\/strong> Montag: 08:00 bis 18:00 Uhr Dienstag: 08:00 bis 18:00 Uhr Mittwoch: 08:00 bis 18:00 Uhr Donnerstag: 08:00 bis 18:00 Uhr Freitag: 08:00 bis 18:00 Uhr Samstag: Nach Vereinbarung Sonntag: Geschlossen <strong>Werkstatt<\/strong> Montag: 08:00 bis 17:00 Uhr Dienstag: 08:00 bis 17:00 Uhr Mittwoch: 08:00 bis 17:00 Uhr Donnerstag: 08:00 bis 17:00 Uhr Freitag: 08:00 bis 15:45 Uhr Samstag: Nach Vereinbarung Sonntag: Geschlossen <\/p>\n<p>[\/vc_wp_text][\/vc_column][vc_column width=&#8220;1\/2&#8243;][vc_column_text]<strong><i class=\"fa-bus fa \">\u00a0<\/i>\u00a0Mit \u00f6ffentlichen Verkehrsmitteln:<\/strong><\/p>\n<p>Ab Wandsbek Markt (Bereich C am Bahnhof) mit dem Bus 263 Richtung Willinghusen (Kehre) bzw. Gro\u00dflohe bis zur Haltestelle Fahrenberg und von dort ca. 5 Minuten zu Fu\u00df (400 m). F\u00fcr eine Fahrplanauskunft bitte auf das HVV Logo klicken:<\/p>\n<p><img decoding=\"async\" loading=\"lazy\" class=\"alignnone wp-image-4231\" src=\"http:\/\/www.morganpark.de\/wp-content\/uploads\/2017\/04\/LogoHVV.svg_-300x66.png\" alt=\"\" width=\"180\" height=\"40\" \/>[\/vc_column_text][\/vc_column][\/vc_row]<\/p>\n","protected":false},"author":1,"featured_media":0,"parent":0,"menu_order":0,"comment_status":"closed","ping_status":"closed","template":"","meta":[],"_links":{"self":[{"href":"https:\/\/lotus-hamburg.de\/shop\/wp-json\/wp\/v2\/pages\/10"}],"collection":[{"href":"https:\/\/lotus-hamburg.de\/shop\/wp-json\/wp\/v2\/pages"}],"about":[{"href":"https:\/\/lotus-hamburg.de\/shop\/wp-json\/wp\/v2\/types\/page"}],"author":[{"embeddable":true,"href":"https:\/\/lotus-hamburg.de\/shop\/wp-json\/wp\/v2\/users\/1"}],"replies":[{"embeddable":true,"href":"https:\/\/lotus-hamburg.de\/shop\/wp-json\/wp\/v2\/comments?post=10"}],"version-history":[{"count":6,"href":"https:\/\/lotus-hamburg.de\/shop\/wp-json\/wp\/v2\/pages\/10\/revisions"}],"predecessor-version":[{"id":10730,"href":"https:\/\/lotus-hamburg.de\/shop\/wp-json\/wp\/v2\/pages\/10\/revisions\/10730"}],"wp:attachment":[{"href":"https:\/\/lotus-hamburg.de\/shop\/wp-json\/wp\/v2\/media?parent=10"}],"curies":[{"name":"wp","href":"https:\/\/api.w.org\/{rel}","templated":true}]}}