{"id":10212,"date":"2022-10-17T23:31:23","date_gmt":"2022-10-17T21:31:23","guid":{"rendered":"https:\/\/lotus-hamburg.de\/shop\/?post_type=product&#038;p=10212"},"modified":"2023-02-21T16:09:29","modified_gmt":"2023-02-21T15:09:29","slug":"lotus-herren-t-shirt-drivers-collection-weiss-groesse-s","status":"publish","type":"product","link":"https:\/\/lotus-hamburg.de\/shop\/produkt\/lotus-herren-t-shirt-drivers-collection-weiss-groesse-s\/","title":{"rendered":"Lotus Herren T-Shirt &#8222;Driver&#8217;s Collection&#8220;, wei\u00df, Gr\u00f6\u00dfe S"},"content":{"rendered":"<p>Lotus Herren T-Shirt in <strong>Gr\u00f6\u00dfe S<\/strong> in der Farbe <strong>wei\u00df<\/strong> aus der original LOTUS &#8222;<strong>Driver&#8217;s Collection<\/strong>&#8220; Kollektion.<\/p>\n<p>Mit Doppelstreifen an Kragen und \u00c4rmelb\u00fcndchen und LOTUS Logo auf der Brust. Bestickung mit Union Flag und LOTUS Schriftzug an den \u00c4rmelenden sowie eingearbeitetem Ripsband mit LOTUS Branding im Nackenbereich. LOTUS Patch an der Seite. Bestellbar in den Gr\u00f6\u00dfen S &#8211; XL sowie in weiteren Farbkombinationen.<\/p>\n<p>&nbsp;<\/p>\n<p>Passform: Standard<br \/>\nMaterial: 100% Baumwolle<br \/>\nHerstellungsland: Portugal<\/p>\n<p>&nbsp;<\/p>\n","protected":false},"excerpt":{"rendered":"<p>Lotus Herren T-Shirt in <strong>Gr\u00f6\u00dfe S<\/strong> in der Farbe <strong>wei\u00df<\/strong> aus der original LOTUS &#8222;<strong>Driver&#8217;s Collection<\/strong>&#8220; Kollektion.<\/p>\n<p>Mit Doppelstreifen an Kragen und \u00c4rmelb\u00fcndchen und LOTUS Logo auf der Brust. Bestickung mit Union Flag und LOTUS Schriftzug an den \u00c4rmelenden sowie eingearbeitetem Ripsband mit LOTUS Branding im Nackenbereich. LOTUS Patch an der Seite. Bestellbar in den Gr\u00f6\u00dfen S &#8211; XL sowie in weiteren Farbkombinationen.<\/p>\n<p>&nbsp;<\/p>\n<p>Passform: Standard<br \/> Material: 100% Baumwolle<br \/> Herstellungsland: Portugal<\/p>\n<p>&nbsp;<\/p>\n","protected":false},"featured_media":10337,"template":"","meta":[],"product_cat":[237,235],"product_tag":[251,244,249],"_links":{"self":[{"href":"https:\/\/lotus-hamburg.de\/shop\/wp-json\/wp\/v2\/product\/10212"}],"collection":[{"href":"https:\/\/lotus-hamburg.de\/shop\/wp-json\/wp\/v2\/product"}],"about":[{"href":"https:\/\/lotus-hamburg.de\/shop\/wp-json\/wp\/v2\/types\/product"}],"wp:featuredmedia":[{"embeddable":true,"href":"https:\/\/lotus-hamburg.de\/shop\/wp-json\/wp\/v2\/media\/10337"}],"wp:attachment":[{"href":"https:\/\/lotus-hamburg.de\/shop\/wp-json\/wp\/v2\/media?parent=10212"}],"wp:term":[{"taxonomy":"product_cat","embeddable":true,"href":"https:\/\/lotus-hamburg.de\/shop\/wp-json\/wp\/v2\/product_cat?post=10212"},{"taxonomy":"product_tag","embeddable":true,"href":"https:\/\/lotus-hamburg.de\/shop\/wp-json\/wp\/v2\/product_tag?post=10212"}],"curies":[{"name":"wp","href":"https:\/\/api.w.org\/{rel}","templated":true}]}}