{"id":10223,"date":"2022-10-17T23:33:26","date_gmt":"2022-10-17T21:33:26","guid":{"rendered":"https:\/\/lotus-hamburg.de\/shop\/?post_type=product&#038;p=10223"},"modified":"2023-02-14T09:28:44","modified_gmt":"2023-02-14T08:28:44","slug":"lotus-kugelschreiber-drivers-collection-silbern","status":"publish","type":"product","link":"https:\/\/lotus-hamburg.de\/shop\/produkt\/lotus-kugelschreiber-drivers-collection-silbern\/","title":{"rendered":"Lotus Kugelschreiber &#8222;Driver&#8217;s Collection&#8220;, silbern"},"content":{"rendered":"<p>Kugelschreiber in der Farbe <strong>silbern<\/strong> aus der original LOTUS \u201e<strong>Driver&#8217;s Collection<\/strong>\u201c Kollektion.<\/p>\n<p>Hergestellt aus Metall mit ger\u00e4ndeltem Griffst\u00fcck. Mit umlaufenden einge\u00e4tztem &#8222;For the Drivers&#8220; Schriftzug und &#8222;Lotus&#8220; Schriftzug auf dem Clip. Die Lieferung erfolgt in einer kleinen Box.<\/p>\n<p>&nbsp;<\/p>\n<p>Material: Metall<br \/>\nHerstellungsland: Deutschland<\/p>\n<p>&nbsp;<\/p>\n","protected":false},"excerpt":{"rendered":"<p>Kugelschreiber in der Farbe <strong>silbern<\/strong> aus der original LOTUS \u201e<strong>Driver&#8217;s Collection<\/strong>\u201c Kollektion.<\/p>\n<p>Hergestellt aus Metall mit ger\u00e4ndeltem Griffst\u00fcck. Mit umlaufenden einge\u00e4tztem &#8222;For the Drivers&#8220; Schriftzug und &#8222;Lotus&#8220; Schriftzug auf dem Clip. Die Lieferung erfolgt in einer kleinen Box.<\/p>\n<p>&nbsp;<\/p>\n<p>Material: Metall<br \/> Herstellungsland: Deutschland<\/p>\n<p>&nbsp;<\/p>\n","protected":false},"featured_media":10352,"template":"","meta":[],"product_cat":[237,235],"product_tag":[251,252,244],"_links":{"self":[{"href":"https:\/\/lotus-hamburg.de\/shop\/wp-json\/wp\/v2\/product\/10223"}],"collection":[{"href":"https:\/\/lotus-hamburg.de\/shop\/wp-json\/wp\/v2\/product"}],"about":[{"href":"https:\/\/lotus-hamburg.de\/shop\/wp-json\/wp\/v2\/types\/product"}],"wp:featuredmedia":[{"embeddable":true,"href":"https:\/\/lotus-hamburg.de\/shop\/wp-json\/wp\/v2\/media\/10352"}],"wp:attachment":[{"href":"https:\/\/lotus-hamburg.de\/shop\/wp-json\/wp\/v2\/media?parent=10223"}],"wp:term":[{"taxonomy":"product_cat","embeddable":true,"href":"https:\/\/lotus-hamburg.de\/shop\/wp-json\/wp\/v2\/product_cat?post=10223"},{"taxonomy":"product_tag","embeddable":true,"href":"https:\/\/lotus-hamburg.de\/shop\/wp-json\/wp\/v2\/product_tag?post=10223"}],"curies":[{"name":"wp","href":"https:\/\/api.w.org\/{rel}","templated":true}]}}