{"id":10819,"date":"2023-02-20T10:42:17","date_gmt":"2023-02-20T09:42:17","guid":{"rendered":"https:\/\/lotus-hamburg.de\/shop\/?post_type=product&#038;p=10819"},"modified":"2024-06-18T09:28:30","modified_gmt":"2024-06-18T07:28:30","slug":"lotus-herren-t-shirt-elise-25th-anniversary-gruen-groesse-l","status":"publish","type":"product","link":"https:\/\/lotus-hamburg.de\/shop\/produkt\/lotus-herren-t-shirt-elise-25th-anniversary-gruen-groesse-l\/","title":{"rendered":"Lotus Herren T-Shirt &#8222;Elise 25th Anniversary&#8220;, gr\u00fcn, Gr\u00f6\u00dfe L"},"content":{"rendered":"<p>Lotus Herren T-Shirt in <strong>Gr\u00f6\u00dfe L<\/strong> in der Farbe <strong>gr\u00fcn<\/strong> aus der original LOTUS &#8222;<strong>Elise 25th Anniversary<\/strong>&#8220; Kollektion.<\/p>\n<p>Mit Union Flag am \u00c4rmel und LOTUS Patch an der Seite. Bestellbar in den Gr\u00f6\u00dfen S &#8211; XL. Solange der Vorrat reicht.<\/p>\n<p>&nbsp;<\/p>\n<p>Passform: Standard<br \/>\nMaterial: 100% Baumwolle<br \/>\nHerstellungsland: Portugal<\/p>\n<p>&nbsp;<\/p>\n","protected":false},"excerpt":{"rendered":"<p>Lotus Herren T-Shirt in <strong>Gr\u00f6\u00dfe L<\/strong> in der Farbe <strong>gr\u00fcn<\/strong> aus der original LOTUS &#8222;<strong>Elise 25th Anniversary<\/strong>&#8220; Kollektion.<\/p>\n<p>Mit Union Flag am \u00c4rmel und LOTUS Patch an der Seite. Bestellbar in den Gr\u00f6\u00dfen S &#8211; XL. Solange der Vorrat reicht.<\/p>\n<p>&nbsp;<\/p>\n<p>Passform: Standard<br \/> Material: 100% Baumwolle<br \/> Herstellungsland: Portugal<\/p>\n<p>&nbsp;<\/p>\n","protected":false},"featured_media":10524,"template":"","meta":[],"product_cat":[238,235],"product_tag":[250,244,249],"_links":{"self":[{"href":"https:\/\/lotus-hamburg.de\/shop\/wp-json\/wp\/v2\/product\/10819"}],"collection":[{"href":"https:\/\/lotus-hamburg.de\/shop\/wp-json\/wp\/v2\/product"}],"about":[{"href":"https:\/\/lotus-hamburg.de\/shop\/wp-json\/wp\/v2\/types\/product"}],"wp:featuredmedia":[{"embeddable":true,"href":"https:\/\/lotus-hamburg.de\/shop\/wp-json\/wp\/v2\/media\/10524"}],"wp:attachment":[{"href":"https:\/\/lotus-hamburg.de\/shop\/wp-json\/wp\/v2\/media?parent=10819"}],"wp:term":[{"taxonomy":"product_cat","embeddable":true,"href":"https:\/\/lotus-hamburg.de\/shop\/wp-json\/wp\/v2\/product_cat?post=10819"},{"taxonomy":"product_tag","embeddable":true,"href":"https:\/\/lotus-hamburg.de\/shop\/wp-json\/wp\/v2\/product_tag?post=10819"}],"curies":[{"name":"wp","href":"https:\/\/api.w.org\/{rel}","templated":true}]}}