{"id":10849,"date":"2023-02-21T15:55:59","date_gmt":"2023-02-21T14:55:59","guid":{"rendered":"https:\/\/lotus-hamburg.de\/shop\/?post_type=product&#038;p=10849"},"modified":"2025-11-11T17:30:05","modified_gmt":"2025-11-11T16:30:05","slug":"lotus-herren-t-shirt-drivers-collection-grau-groesse-xl","status":"publish","type":"product","link":"https:\/\/lotus-hamburg.de\/shop\/produkt\/lotus-herren-t-shirt-drivers-collection-grau-groesse-xl\/","title":{"rendered":"Lotus Herren T-Shirt &#8222;Driver&#8217;s Collection&#8220;, grau, Gr\u00f6\u00dfe XL"},"content":{"rendered":"<p>Lotus Herren T-Shirt in <strong>Gr\u00f6\u00dfe XL<\/strong> in der Farbe <strong>grau<\/strong> aus der original LOTUS &#8222;<strong>Driver&#8217;s Collection<\/strong>&#8220; Kollektion.<\/p>\n<p>Mit Doppelstreifen an Kragen und \u00c4rmelb\u00fcndchen und LOTUS Logo auf der Brust. Bestickung mit Union Flag und LOTUS Schriftzug an den \u00c4rmelenden sowie eingearbeitetem Ripsband mit LOTUS Branding im Nackenbereich. LOTUS Patch an der Seite. Bestellbar in den Gr\u00f6\u00dfen S &#8211; XL sowie in weiteren Farbkombinationen.<\/p>\n<p>&nbsp;<\/p>\n<p>Passform: Standard<br \/>\nMaterial: 100% Baumwolle<br \/>\nHerstellungsland: Portugal<\/p>\n<p>&nbsp;<\/p>\n","protected":false},"excerpt":{"rendered":"<p>Lotus Herren T-Shirt in <strong>Gr\u00f6\u00dfe XL<\/strong> in der Farbe <strong>grau<\/strong> aus der original LOTUS &#8222;<strong>Driver&#8217;s Collection<\/strong>&#8220; Kollektion.<\/p>\n<p>Mit Doppelstreifen an Kragen und \u00c4rmelb\u00fcndchen und LOTUS Logo auf der Brust. Bestickung mit Union Flag und LOTUS Schriftzug an den \u00c4rmelenden sowie eingearbeitetem Ripsband mit LOTUS Branding im Nackenbereich. LOTUS Patch an der Seite. Bestellbar in den Gr\u00f6\u00dfen S &#8211; XL sowie in weiteren Farbkombinationen.<\/p>\n<p>&nbsp;<\/p>\n<p>Passform: Standard<br \/> Material: 100% Baumwolle<br \/> Herstellungsland: Portugal<\/p>\n<p>&nbsp;<\/p>\n","protected":false},"featured_media":10329,"template":"","meta":[],"product_cat":[237,235],"product_tag":[251,244,249],"_links":{"self":[{"href":"https:\/\/lotus-hamburg.de\/shop\/wp-json\/wp\/v2\/product\/10849"}],"collection":[{"href":"https:\/\/lotus-hamburg.de\/shop\/wp-json\/wp\/v2\/product"}],"about":[{"href":"https:\/\/lotus-hamburg.de\/shop\/wp-json\/wp\/v2\/types\/product"}],"wp:featuredmedia":[{"embeddable":true,"href":"https:\/\/lotus-hamburg.de\/shop\/wp-json\/wp\/v2\/media\/10329"}],"wp:attachment":[{"href":"https:\/\/lotus-hamburg.de\/shop\/wp-json\/wp\/v2\/media?parent=10849"}],"wp:term":[{"taxonomy":"product_cat","embeddable":true,"href":"https:\/\/lotus-hamburg.de\/shop\/wp-json\/wp\/v2\/product_cat?post=10849"},{"taxonomy":"product_tag","embeddable":true,"href":"https:\/\/lotus-hamburg.de\/shop\/wp-json\/wp\/v2\/product_tag?post=10849"}],"curies":[{"name":"wp","href":"https:\/\/api.w.org\/{rel}","templated":true}]}}