{"id":10866,"date":"2023-02-23T12:49:48","date_gmt":"2023-02-23T11:49:48","guid":{"rendered":"https:\/\/lotus-hamburg.de\/shop\/?post_type=product&#038;p=10866"},"modified":"2025-08-31T16:25:11","modified_gmt":"2025-08-31T14:25:11","slug":"lotus-herren-polo-shirt-drivers-collection-weiss-groesse-xl","status":"publish","type":"product","link":"https:\/\/lotus-hamburg.de\/shop\/produkt\/lotus-herren-polo-shirt-drivers-collection-weiss-groesse-xl\/","title":{"rendered":"Lotus Herren Polo-Shirt \u201eDriver&#8217;s Collection\u201c, wei\u00df, Gr\u00f6\u00dfe XL"},"content":{"rendered":"<p>Lotus Herren Polo-Shirt in Gr\u00f6\u00dfe XL in der Farbe <strong>wei\u00df<\/strong> aus der original LOTUS <strong>&#8222;Driver&#8217;s Collection&#8220;<\/strong> Kollektion.<\/p>\n<p>Mit Doppelstreifen an Kragen und \u00c4rmelb\u00fcndchen und LOTUS Logo auf der Brust. Bestickung mit Union Flag und LOTUS Schriftzug an den \u00c4rmelenden sowie eingearbeitete Ripsb\u00e4ndern mit LOTUS Branding im Nackenbereich, an der Knopfleiste sowie an einem der beiden Seitenschlitzen. Bestellbar in den Gr\u00f6\u00dfen S &#8211; XL sowie in weiteren Farbkombinationen.<\/p>\n<p>&nbsp;<\/p>\n<p>Passform: Standard<br \/>\nMaterial: 100% Baumwolle<br \/>\nHerstellungsland: Portugal<\/p>\n<p>&nbsp;<\/p>\n","protected":false},"excerpt":{"rendered":"<p>Lotus Herren Polo-Shirt in Gr\u00f6\u00dfe XL in der Farbe <strong>wei\u00df<\/strong> aus der original LOTUS <strong>&#8222;Driver&#8217;s Collection&#8220;<\/strong> Kollektion.<\/p>\n<p>Mit Doppelstreifen an Kragen und \u00c4rmelb\u00fcndchen und LOTUS Logo auf der Brust. Bestickung mit Union Flag und LOTUS Schriftzug an den \u00c4rmelenden sowie eingearbeitete Ripsb\u00e4ndern mit LOTUS Branding im Nackenbereich, an der Knopfleiste sowie an einem der beiden Seitenschlitzen. Bestellbar in den Gr\u00f6\u00dfen S &#8211; XL sowie in weiteren Farbkombinationen.<\/p>\n<p>&nbsp;<\/p>\n<p>Passform: Standard<br \/> Material: 100% Baumwolle<br \/> Herstellungsland: Portugal<\/p>\n<p>&nbsp;<\/p>\n","protected":false},"featured_media":10230,"template":"","meta":[],"product_cat":[237,235],"product_tag":[251,244,246],"_links":{"self":[{"href":"https:\/\/lotus-hamburg.de\/shop\/wp-json\/wp\/v2\/product\/10866"}],"collection":[{"href":"https:\/\/lotus-hamburg.de\/shop\/wp-json\/wp\/v2\/product"}],"about":[{"href":"https:\/\/lotus-hamburg.de\/shop\/wp-json\/wp\/v2\/types\/product"}],"wp:featuredmedia":[{"embeddable":true,"href":"https:\/\/lotus-hamburg.de\/shop\/wp-json\/wp\/v2\/media\/10230"}],"wp:attachment":[{"href":"https:\/\/lotus-hamburg.de\/shop\/wp-json\/wp\/v2\/media?parent=10866"}],"wp:term":[{"taxonomy":"product_cat","embeddable":true,"href":"https:\/\/lotus-hamburg.de\/shop\/wp-json\/wp\/v2\/product_cat?post=10866"},{"taxonomy":"product_tag","embeddable":true,"href":"https:\/\/lotus-hamburg.de\/shop\/wp-json\/wp\/v2\/product_tag?post=10866"}],"curies":[{"name":"wp","href":"https:\/\/api.w.org\/{rel}","templated":true}]}}